{"id":84,"date":"2020-03-04T14:06:49","date_gmt":"2020-03-04T14:06:49","guid":{"rendered":"http:\/\/7huegel-gastro.mediaproductiv.de\/?page_id=84"},"modified":"2022-09-09T09:35:11","modified_gmt":"2022-09-09T09:35:11","slug":"essen-trinken","status":"publish","type":"page","link":"https:\/\/xn--bhlmeyers-landcafe-m6b.de\/?page_id=84","title":{"rendered":"Radwandern"},"content":{"rendered":"\n<p>Radwandern ist eine der \u00e4ltesten Disziplinen im Radsport und liegt wieder voll im Trend. Es ist einfacher und abwechslungsreicher geworden als noch vor vielen Jahren. Unter Radwandern versteht man heute eher ein volkst\u00fcmliches Fortbewegen mit dem Rad. Gem\u00fctlich durch die Lande zu radeln, ohne Zeit- und Leistungsdruck, Spa\u00df in der Gemeinschaft und an Geselligkeit im Verein &#8211; so soll Radwandern sein.<\/p>\n\n\n\n<p>Im Vordergrung steht f\u00fcr die Beteiligten der Spa\u00df an der Bewegung und gemeinsames Erleben und Entdecken von kulturellen Sehensw\u00fcrdigkeiten, landschaftlicher Sch\u00f6nheit und reizvollen Augenblicken.<\/p>\n\n\n\n<p>Das Landcafe B\u00fchlmeyer ist mit sehr interessanten und abwechslungreichen Wanderwegen verbunden wie z.B. dem R22. Stellen Sie sich also ihren ganz pers\u00f6nlichen Radwanderweg zusammen und geniessen sie die Tour. <\/p>\n\n\n\n<p>Hier ein Tipp des ADFC <\/p>\n\n\n\n<div class=\"wp-block-button\"><a class=\"wp-block-button__link has-vivid-red-background-color has-background\" href=\"https:\/\/www.adfc.de\/auf-tour\">hier klicken und Tour anschauen<\/a><\/div>\n\n\n\nngg_shortcode_0_placeholder\n\n\n\n<p><\/p>\n","protected":false},"excerpt":{"rendered":"<p>Radwandern ist eine der \u00e4ltesten Disziplinen im Radsport und liegt wieder voll im Trend. Es ist einfacher und abwechslungsreicher geworden als noch vor vielen Jahren. Unter Radwandern versteht man heute eher ein volkst\u00fcmliches Fortbewegen mit dem Rad. Gem\u00fctlich durch die Lande zu radeln, ohne Zeit- und Leistungsdruck, Spa\u00df in der Gemeinschaft und an Geselligkeit im&#8230;<\/p>\n","protected":false},"author":1,"featured_media":0,"parent":0,"menu_order":0,"comment_status":"closed","ping_status":"closed","template":"","meta":{"ngg_post_thumbnail":0,"footnotes":""},"class_list":["post-84","page","type-page","status-publish","hentry"],"_links":{"self":[{"href":"https:\/\/xn--bhlmeyers-landcafe-m6b.de\/index.php?rest_route=\/wp\/v2\/pages\/84","targetHints":{"allow":["GET"]}}],"collection":[{"href":"https:\/\/xn--bhlmeyers-landcafe-m6b.de\/index.php?rest_route=\/wp\/v2\/pages"}],"about":[{"href":"https:\/\/xn--bhlmeyers-landcafe-m6b.de\/index.php?rest_route=\/wp\/v2\/types\/page"}],"author":[{"embeddable":true,"href":"https:\/\/xn--bhlmeyers-landcafe-m6b.de\/index.php?rest_route=\/wp\/v2\/users\/1"}],"replies":[{"embeddable":true,"href":"https:\/\/xn--bhlmeyers-landcafe-m6b.de\/index.php?rest_route=%2Fwp%2Fv2%2Fcomments&post=84"}],"version-history":[{"count":40,"href":"https:\/\/xn--bhlmeyers-landcafe-m6b.de\/index.php?rest_route=\/wp\/v2\/pages\/84\/revisions"}],"predecessor-version":[{"id":473,"href":"https:\/\/xn--bhlmeyers-landcafe-m6b.de\/index.php?rest_route=\/wp\/v2\/pages\/84\/revisions\/473"}],"wp:attachment":[{"href":"https:\/\/xn--bhlmeyers-landcafe-m6b.de\/index.php?rest_route=%2Fwp%2Fv2%2Fmedia&parent=84"}],"curies":[{"name":"wp","href":"https:\/\/api.w.org\/{rel}","templated":true}]}}