{"id":82,"date":"2020-03-04T14:06:06","date_gmt":"2020-03-04T14:06:06","guid":{"rendered":"http:\/\/7huegel-gastro.mediaproductiv.de\/?page_id=82"},"modified":"2022-08-22T12:03:26","modified_gmt":"2022-08-22T12:03:26","slug":"veranstaltungen","status":"publish","type":"page","link":"https:\/\/xn--bhlmeyers-landcafe-m6b.de\/?page_id=82","title":{"rendered":"Familienfeiern"},"content":{"rendered":"\n<h2 class=\"wp-block-heading\">Richtig feiern&#8230;<\/h2>\n\n\n\n<p>B\u00fchlmeyers Landcafe ist auch ein angemessener Ort f\u00fcr bestimmte Arten von Familien und sonstigen Feiern tags\u00fcber . Egal ob<\/p>\n\n\n\n<ul class=\"wp-block-list\"><li>Geburtstag<\/li><li>Firmen Jubil\u00e4um<\/li><li>Beerdigungskaffee<\/li><li>Taufe <\/li><\/ul>\n\n\n\n<p>Wir helfen Ihnen, dass Ihre Feier ein voller Erfolg wird. Machen Sie einen Termin mit uns \u2013 es lohnt sich.<\/p>\n\n\n\n<figure class=\"wp-block-image size-large is-resized\"><img loading=\"lazy\" decoding=\"async\" src=\"http:\/\/7huegel-gastro.mediaproductiv.de\/wp-content\/uploads\/2022\/08\/Fotolia_121239497_XS-1.jpg\" alt=\"\" class=\"wp-image-298\" width=\"704\" height=\"470\" srcset=\"https:\/\/xn--bhlmeyers-landcafe-m6b.de\/wp-content\/uploads\/2022\/08\/Fotolia_121239497_XS-1.jpg 424w, https:\/\/xn--bhlmeyers-landcafe-m6b.de\/wp-content\/uploads\/2022\/08\/Fotolia_121239497_XS-1-300x200.jpg 300w, https:\/\/xn--bhlmeyers-landcafe-m6b.de\/wp-content\/uploads\/2022\/08\/Fotolia_121239497_XS-1-1x1.jpg 1w\" sizes=\"auto, (max-width: 704px) 100vw, 704px\" \/><\/figure>\n\n\n\n<figure class=\"wp-block-image size-large is-resized\"><img loading=\"lazy\" decoding=\"async\" src=\"http:\/\/7huegel-gastro.mediaproductiv.de\/wp-content\/uploads\/2022\/08\/DSC_0440-1024x683.jpg\" alt=\"\" class=\"wp-image-335\" width=\"707\" height=\"471\" srcset=\"https:\/\/xn--bhlmeyers-landcafe-m6b.de\/wp-content\/uploads\/2022\/08\/DSC_0440-1024x683.jpg 1024w, https:\/\/xn--bhlmeyers-landcafe-m6b.de\/wp-content\/uploads\/2022\/08\/DSC_0440-300x200.jpg 300w, https:\/\/xn--bhlmeyers-landcafe-m6b.de\/wp-content\/uploads\/2022\/08\/DSC_0440-768x512.jpg 768w, https:\/\/xn--bhlmeyers-landcafe-m6b.de\/wp-content\/uploads\/2022\/08\/DSC_0440-1536x1024.jpg 1536w, https:\/\/xn--bhlmeyers-landcafe-m6b.de\/wp-content\/uploads\/2022\/08\/DSC_0440-2048x1365.jpg 2048w, https:\/\/xn--bhlmeyers-landcafe-m6b.de\/wp-content\/uploads\/2022\/08\/DSC_0440-2x1.jpg 2w\" sizes=\"auto, (max-width: 707px) 100vw, 707px\" \/><\/figure>\n\n\n\n<p><br><\/p>\n","protected":false},"excerpt":{"rendered":"<p>Richtig feiern&#8230; B\u00fchlmeyers Landcafe ist auch ein angemessener Ort f\u00fcr bestimmte Arten von Familien und sonstigen Feiern tags\u00fcber . Egal ob Geburtstag Firmen Jubil\u00e4um Beerdigungskaffee Taufe Wir helfen Ihnen, dass Ihre Feier ein voller Erfolg wird. Machen Sie einen Termin mit uns \u2013 es lohnt sich.<\/p>\n","protected":false},"author":1,"featured_media":0,"parent":0,"menu_order":0,"comment_status":"closed","ping_status":"closed","template":"","meta":{"ngg_post_thumbnail":0,"footnotes":""},"class_list":["post-82","page","type-page","status-publish","hentry"],"_links":{"self":[{"href":"https:\/\/xn--bhlmeyers-landcafe-m6b.de\/index.php?rest_route=\/wp\/v2\/pages\/82","targetHints":{"allow":["GET"]}}],"collection":[{"href":"https:\/\/xn--bhlmeyers-landcafe-m6b.de\/index.php?rest_route=\/wp\/v2\/pages"}],"about":[{"href":"https:\/\/xn--bhlmeyers-landcafe-m6b.de\/index.php?rest_route=\/wp\/v2\/types\/page"}],"author":[{"embeddable":true,"href":"https:\/\/xn--bhlmeyers-landcafe-m6b.de\/index.php?rest_route=\/wp\/v2\/users\/1"}],"replies":[{"embeddable":true,"href":"https:\/\/xn--bhlmeyers-landcafe-m6b.de\/index.php?rest_route=%2Fwp%2Fv2%2Fcomments&post=82"}],"version-history":[{"count":16,"href":"https:\/\/xn--bhlmeyers-landcafe-m6b.de\/index.php?rest_route=\/wp\/v2\/pages\/82\/revisions"}],"predecessor-version":[{"id":450,"href":"https:\/\/xn--bhlmeyers-landcafe-m6b.de\/index.php?rest_route=\/wp\/v2\/pages\/82\/revisions\/450"}],"wp:attachment":[{"href":"https:\/\/xn--bhlmeyers-landcafe-m6b.de\/index.php?rest_route=%2Fwp%2Fv2%2Fmedia&parent=82"}],"curies":[{"name":"wp","href":"https:\/\/api.w.org\/{rel}","templated":true}]}}