{"id":2,"date":"2016-05-10T03:48:21","date_gmt":"2016-05-10T03:48:21","guid":{"rendered":"http:\/\/7huegel-gastro.mediaproductiv.de\/?page_id=2"},"modified":"2025-03-27T11:19:44","modified_gmt":"2025-03-27T11:19:44","slug":"sample-page","status":"publish","type":"page","link":"https:\/\/xn--bhlmeyers-landcafe-m6b.de\/","title":{"rendered":"Willkommen"},"content":{"rendered":"\n<h2 class=\"wp-block-heading\">Herzlich Willkommen in B\u00fchlmeyers Landcafe&#8230;. <\/h2>\n\n\n\n<p><\/p>\n\n\n\n<p class=\"has-text-align-left\">B\u00fchlmeyers Landcafe liegt idyllisch am Stadtrand von Rheda und ist bei gutem Wetter ein idealer Anlaufpunkt f\u00fcr Spazierg\u00e4nger und Fahrradgruppen. Apropos Fahrradfahren: Seit einiger Zeit bieten wir E-Bikern eine Ladestation. Nat\u00fcrlich sind auch Autofahrer willkommen \u2013 Sie finden bei uns gen\u00fcgend Parkpl\u00e4tze .<\/p>\n\n\n\n<p>Wir vom Team des Landcafes m\u00f6chten , dass sich unsere G\u00e4ste bei uns rundum wohlf\u00fchlen, da machen wir keine Kompromisse. Ob das Fr\u00fchst\u00fccksangebot, unsere selbstgebackenen Kuchen oder der Service sowie die Veranstaltungen &#8211; unsere G\u00e4ste sollen stets eine sch\u00f6ne Zeit bei uns verbringen, das ist unser Ziel.<\/p>\n\n\n\n<p>Achten Sie auf unserer Homepage auf aktuelle Hinweise und eventuell ge\u00e4nderten \u00d6ffnungszeiten. Wir freuen uns auf Ihren Besuch. <\/p>\n","protected":false},"excerpt":{"rendered":"<p>Herzlich Willkommen in B\u00fchlmeyers Landcafe&#8230;. B\u00fchlmeyers Landcafe liegt idyllisch am Stadtrand von Rheda und ist bei gutem Wetter ein idealer Anlaufpunkt f\u00fcr Spazierg\u00e4nger und Fahrradgruppen. Apropos Fahrradfahren: Seit einiger Zeit bieten wir E-Bikern eine Ladestation. Nat\u00fcrlich sind auch Autofahrer willkommen \u2013 Sie finden bei uns gen\u00fcgend Parkpl\u00e4tze . Wir vom Team des Landcafes m\u00f6chten ,&#8230;<\/p>\n","protected":false},"author":1,"featured_media":0,"parent":0,"menu_order":0,"comment_status":"closed","ping_status":"open","template":"","meta":{"ngg_post_thumbnail":0,"footnotes":""},"class_list":["post-2","page","type-page","status-publish","hentry"],"_links":{"self":[{"href":"https:\/\/xn--bhlmeyers-landcafe-m6b.de\/index.php?rest_route=\/wp\/v2\/pages\/2","targetHints":{"allow":["GET"]}}],"collection":[{"href":"https:\/\/xn--bhlmeyers-landcafe-m6b.de\/index.php?rest_route=\/wp\/v2\/pages"}],"about":[{"href":"https:\/\/xn--bhlmeyers-landcafe-m6b.de\/index.php?rest_route=\/wp\/v2\/types\/page"}],"author":[{"embeddable":true,"href":"https:\/\/xn--bhlmeyers-landcafe-m6b.de\/index.php?rest_route=\/wp\/v2\/users\/1"}],"replies":[{"embeddable":true,"href":"https:\/\/xn--bhlmeyers-landcafe-m6b.de\/index.php?rest_route=%2Fwp%2Fv2%2Fcomments&post=2"}],"version-history":[{"count":26,"href":"https:\/\/xn--bhlmeyers-landcafe-m6b.de\/index.php?rest_route=\/wp\/v2\/pages\/2\/revisions"}],"predecessor-version":[{"id":525,"href":"https:\/\/xn--bhlmeyers-landcafe-m6b.de\/index.php?rest_route=\/wp\/v2\/pages\/2\/revisions\/525"}],"wp:attachment":[{"href":"https:\/\/xn--bhlmeyers-landcafe-m6b.de\/index.php?rest_route=%2Fwp%2Fv2%2Fmedia&parent=2"}],"curies":[{"name":"wp","href":"https:\/\/api.w.org\/{rel}","templated":true}]}}